{"id":26,"date":"2020-12-16T16:39:11","date_gmt":"2020-12-16T16:39:11","guid":{"rendered":"http:\/\/zztsport.pl\/?page_id=26"},"modified":"2023-06-20T17:25:58","modified_gmt":"2023-06-20T17:25:58","slug":"sedziowie","status":"publish","type":"page","link":"https:\/\/zztsport.pl\/index.php\/sedziowie\/","title":{"rendered":"S\u0119dziowie"},"content":{"rendered":"\n<figure class=\"wp-block-table is-style-stripes\"><table><tbody><tr><td><strong>#<\/strong><\/td><td><strong>Nazwisko i imi\u0119<\/strong><\/td><td><strong>Miasto<\/strong><\/td><td><strong>S\u0119dzia&nbsp;(licencja)<\/strong><\/td><td><strong>S\u0119dzia g\u0142\u00f3wny<\/strong><\/td><\/tr><tr><td>1<\/td><td>Balon Katarzyna Lucyna<\/td><td>Szczecinek<\/td><td>FTS-II<\/td><td><\/td><\/tr><tr><td>2<\/td><td>Grycmacher Antoni<\/td><td>Szczecin<\/td><td>FTS-I, WDSF-A, LA, ST, JS2.0, AJS, WDSF-PD-B<\/td><td>FTS<\/td><\/tr><tr><td>3<\/td><td>Jagli\u0144ska Anna<\/td><td>Szczecin<\/td><td>FTS-II<\/td><td><\/td><\/tr><tr><td>4<\/td><td>Jaworski Jaros\u0142aw<\/td><td>Szczecin<\/td><td>FTS-I<\/td><td><\/td><\/tr><tr><td>5<\/td><td>Konury Tomasz<\/td><td>Szczecin<\/td><td>FTS-I, WDSF-A, LA, ST, JS2.0, AJS, WDSF-PD-All, PD-AJS<\/td><td>FTS<\/td><\/tr><tr><td>6<\/td><td>Kr\u00f3l Adam<\/td><td>Szczecin<\/td><td>FTS-I, WDSF-A, ST, LA, JS2.0, AJS<\/td><td>FTS<\/td><\/tr><tr><td>7<\/td><td>Krzemianowski Krzysztof<\/td><td>Szczecin<\/td><td>FTS-I<\/td><td><\/td><\/tr><tr><td>8<\/td><td>Kubiak Miko\u0142aj<\/td><td>Szczecin<\/td><td>FTS-II<\/td><td><\/td><\/tr><tr><td>9<\/td><td>Micza\u0142owski Marcel Grzegorz<\/td><td>Szczecin<\/td><td>FTS-II<\/td><td><\/td><\/tr><tr><td>10<\/td><td>Olchowik Kinga<\/td><td>Koszalin<\/td><td>FTS-II<\/td><td><\/td><\/tr><tr><td>11<\/td><td>Olczak \u0141ukasz Pawe\u0142<\/td><td>Szczecin<\/td><td>FTS-II<\/td><td><\/td><\/tr><tr><td>12<\/td><td>Ostrowska-J\u00f3\u017awiak Marika Anna<\/td><td>Przec\u0142aw<\/td><td>FTS-II<\/td><td><\/td><\/tr><tr><td>13<\/td><td>Zjawi\u0144ska Anna Magdalena<\/td><td>Szczecin<\/td><td>FTS-II<\/td><td><\/td><\/tr><tr><td>14<\/td><td>\u017bukowski Tomasz<\/td><td>Szczecin<\/td><td>FTS-I<\/td><td>FTS<\/td><\/tr><\/tbody><\/table><\/figure>\n\n\n\n<p><a href=\"https:\/\/baza.fts-taniec.pl\/x\/fts\/adjudicators\">Kontakty, pe\u0142na lista s\u0119dzi\u00f3w FTS -><\/a><\/p>\n\n\n\n<p><a href=\"https:\/\/baza.polskitaniec.org\/v\/adjudicators\">Kontakty, pe\u0142na lista s\u0119dzi\u00f3w PZST -><\/a><\/p>\n\n\n\n<p><a href=\"https:\/\/baza.polskitaniec.org\/v\/chairpeople\">Kontakty, pe\u0142na lista s\u0119dzi\u00f3w g\u0142\u00f3wnych PZST -><\/a><\/p>\n\n\n\n<h2 class=\"wp-block-heading\">Skrutinerzy<\/h2>\n\n\n\n<figure class=\"wp-block-table is-style-stripes\"><table><thead><tr><th><strong>#<\/strong><\/th><th><strong>Nazwisko i imi\u0119<\/strong><\/th><th>Miasto<\/th><th>Skrutiner<strong>&nbsp;(licencja)<\/strong> <\/th><th><strong>&nbsp;(<\/strong>WDSF<strong>&nbsp;(licencja)<\/strong><\/th><\/tr><\/thead><tbody><tr><td>1<\/td><td>Koz\u0142owski Pawe\u0142<\/td><td>Szczecin<\/td><td>FTS-I, AJS3.0, WDSF-A<\/td><td>WDSF-Scrutiny-A<\/td><\/tr><tr><td>2<\/td><td>Cedro Krzysztof<\/td><td>Berlin<\/td><td>FTS-I, AJS3.0,\u00a0WDSF-A<\/td><td>WDSF-Scrutiny-A<\/td><\/tr><\/tbody><\/table><\/figure>\n\n\n\n<p><a href=\"https:\/\/baza.fts-taniec.pl\/x\/fts\/scrutineers\">Kontakty, pe\u0142na lista skrutiner\u00f3w FTS -><\/a><\/p>\n\n\n\n<p><a href=\"https:\/\/baza.polskitaniec.org\/v\/scrutineers\">Kontakty, pe\u0142na lista skrutiner\u00f3w PZST -><\/a><\/p>\n","protected":false},"excerpt":{"rendered":"<p># Nazwisko i imi\u0119 Miasto S\u0119dzia&nbsp;(licencja) S\u0119dzia g\u0142\u00f3wny 1 Balon Katarzyna Lucyna Szczecinek FTS-II 2 Grycmacher Antoni Szczecin FTS-I, WDSF-A, LA, ST, JS2.0, AJS, WDSF-PD-B FTS 3 Jagli\u0144ska Anna Szczecin FTS-II 4 Jaworski Jaros\u0142aw Szczecin FTS-I 5 Konury Tomasz Szczecin [&hellip;]<\/p>\n","protected":false},"author":1,"featured_media":0,"parent":0,"menu_order":0,"comment_status":"closed","ping_status":"closed","template":"","meta":{"footnotes":""},"class_list":["post-26","page","type-page","status-publish","hentry","clearfix"],"_links":{"self":[{"href":"https:\/\/zztsport.pl\/index.php\/wp-json\/wp\/v2\/pages\/26","targetHints":{"allow":["GET"]}}],"collection":[{"href":"https:\/\/zztsport.pl\/index.php\/wp-json\/wp\/v2\/pages"}],"about":[{"href":"https:\/\/zztsport.pl\/index.php\/wp-json\/wp\/v2\/types\/page"}],"author":[{"embeddable":true,"href":"https:\/\/zztsport.pl\/index.php\/wp-json\/wp\/v2\/users\/1"}],"replies":[{"embeddable":true,"href":"https:\/\/zztsport.pl\/index.php\/wp-json\/wp\/v2\/comments?post=26"}],"version-history":[{"count":34,"href":"https:\/\/zztsport.pl\/index.php\/wp-json\/wp\/v2\/pages\/26\/revisions"}],"predecessor-version":[{"id":266,"href":"https:\/\/zztsport.pl\/index.php\/wp-json\/wp\/v2\/pages\/26\/revisions\/266"}],"wp:attachment":[{"href":"https:\/\/zztsport.pl\/index.php\/wp-json\/wp\/v2\/media?parent=26"}],"curies":[{"name":"wp","href":"https:\/\/api.w.org\/{rel}","templated":true}]}}