{"id":24,"date":"2020-12-16T16:38:59","date_gmt":"2020-12-16T16:38:59","guid":{"rendered":"http:\/\/zztsport.pl\/?page_id=24"},"modified":"2020-12-21T12:50:19","modified_gmt":"2020-12-21T12:50:19","slug":"kontakt","status":"publish","type":"page","link":"https:\/\/zztsport.pl\/index.php\/kontakt\/","title":{"rendered":"Kontakt"},"content":{"rendered":"\n<p>ZACHODNIOPOMORSKI ZWI\u0104ZEK TA\u0143CA SPORTOWEGO<br>KRZYSZTOF KRZEMIANOWSKI &#8211; PREZES<br>tel. 602662966<\/p>\n\n\n\n<p>Adres siedziby:<br>ZACHODNIOPOMORSKI ZWI\u0104ZEK TA\u0143CA SPORTOWEGO<br>UL. \u0141UKASI\u0143SKIEGO 116, 71-215 SZCZECIN<br>REGON: 320193592, NIP: 8522477857<\/p>\n\n\n\n<p>Bank <br>nr konta: 50 1240 3927 1111 0010 1023 4489<\/p>\n","protected":false},"excerpt":{"rendered":"<p>ZACHODNIOPOMORSKI ZWI\u0104ZEK TA\u0143CA SPORTOWEGOKRZYSZTOF KRZEMIANOWSKI &#8211; PREZEStel. 602662966 Adres siedziby:ZACHODNIOPOMORSKI ZWI\u0104ZEK TA\u0143CA SPORTOWEGOUL. \u0141UKASI\u0143SKIEGO 116, 71-215 SZCZECINREGON: 320193592, NIP: 8522477857 Bank nr konta: 50 1240 3927 1111 0010 1023 4489<\/p>\n","protected":false},"author":1,"featured_media":0,"parent":0,"menu_order":0,"comment_status":"closed","ping_status":"closed","template":"","meta":{"footnotes":""},"class_list":["post-24","page","type-page","status-publish","hentry","clearfix"],"_links":{"self":[{"href":"https:\/\/zztsport.pl\/index.php\/wp-json\/wp\/v2\/pages\/24","targetHints":{"allow":["GET"]}}],"collection":[{"href":"https:\/\/zztsport.pl\/index.php\/wp-json\/wp\/v2\/pages"}],"about":[{"href":"https:\/\/zztsport.pl\/index.php\/wp-json\/wp\/v2\/types\/page"}],"author":[{"embeddable":true,"href":"https:\/\/zztsport.pl\/index.php\/wp-json\/wp\/v2\/users\/1"}],"replies":[{"embeddable":true,"href":"https:\/\/zztsport.pl\/index.php\/wp-json\/wp\/v2\/comments?post=24"}],"version-history":[{"count":3,"href":"https:\/\/zztsport.pl\/index.php\/wp-json\/wp\/v2\/pages\/24\/revisions"}],"predecessor-version":[{"id":148,"href":"https:\/\/zztsport.pl\/index.php\/wp-json\/wp\/v2\/pages\/24\/revisions\/148"}],"wp:attachment":[{"href":"https:\/\/zztsport.pl\/index.php\/wp-json\/wp\/v2\/media?parent=24"}],"curies":[{"name":"wp","href":"https:\/\/api.w.org\/{rel}","templated":true}]}}