{"id":22,"date":"2020-12-16T16:38:41","date_gmt":"2020-12-16T16:38:41","guid":{"rendered":"http:\/\/zztsport.pl\/?page_id=22"},"modified":"2021-08-15T12:24:27","modified_gmt":"2021-08-15T12:24:27","slug":"kluby","status":"publish","type":"page","link":"https:\/\/zztsport.pl\/index.php\/kluby\/","title":{"rendered":"Kluby"},"content":{"rendered":"\n<figure class=\"wp-block-table is-style-stripes\"><table><thead><tr><th>Nazwa klubu<\/th><th>Miasto<\/th><th><strong>Adres<\/strong><\/th><th>Telefon\/email<\/th><\/tr><\/thead><tbody><tr><td>AKTT<\/td><td>Szczecin<\/td><td>ul. Gen. J\u00f3zefa Sowi\u0144skiego 72\/8, 70-236 Szczecin<\/td><td><kbd>501353282<\/kbd><br>mgrycmacher@o2.pl<\/td><\/tr><tr><td>AMBER<\/td><td>Ko\u0142obrzeg<\/td><td>\u0141opuskiego 38, 78-100 Ko\u0142obrzeg<\/td><td><kbd>501759568<\/kbd><br>adamkrol.amber@o2.pl<\/td><\/tr><tr><td>FLESZ<\/td><td>Nowogard<\/td><td>Plac Wolno\u015bci 7, 72-200 Nowogard<\/td><td><kbd>604085666<\/kbd><br>mikolajkubiak@stflesz.pl<\/td><\/tr><tr><td>FOCUS<\/td><td>Dziwn\u00f3w<\/td><td>Mickiewicza 27, 72-418 Dziwn\u00f3w<\/td><td><kbd>602582410<\/kbd><br>tkonury@wp.pl<\/td><\/tr><tr><td>FOCUS<\/td><td>Kamie\u0144 Pomorski<\/td><td>Plac Katedralny 5, 72-400 Kamie\u0144 Pomorski<\/td><td><kbd>602582410<\/kbd><br>tkonury@wp.pl<\/td><\/tr><tr><td>FOCUS<\/td><td>Szczecin<\/td><td>Krasickiego 5\/4, 71-333 Szczecin<\/td><td><\/td><\/tr><tr><td>FUZJA<\/td><td>My\u015blib\u00f3rz<\/td><td>o\u015b.S\u0142owia\u0144skie 33\/8, 74-300 My\u015blib\u00f3rz<\/td><td><kbd>503381531<\/kbd><br>giuseppe@poczta.onet.pl<\/td><\/tr><tr><td>ISKRA<\/td><td>\u015awidwin<\/td><td>3-go Marca 11, 78-300 \u015awidwin<\/td><td><kbd>669007830<\/kbd><br>studiotancakasia@o2.pl<\/td><\/tr><tr><td>JANTAR<\/td><td>Mi\u0119dzyzdroje<\/td><td>Bohater\u00f3w Warszawy 20, 72-500 Mi\u0119dzyzdroje<\/td><td><kbd>601878373<\/kbd><br>am.zet@wp.pl<\/td><\/tr><tr><td>JANTAR<\/td><td>Wolin<\/td><td>Zamkowa 23, 72-510 Wolin<\/td><td><kbd>601878373<\/kbd><br>am.zet@wp.pl<\/td><\/tr><tr><td>KING DANCE<\/td><td>Koszalin<\/td><td>Austriacka 1, 75-430 Koszalin<\/td><td><kbd>606731670<\/kbd><br>info@kingdance.pl<\/td><\/tr><tr><td>KTS JANTAR<\/td><td>\u015awinouj\u015bcie<\/td><td>Markiewicza 8\/15, 72-600 \u015awinouj\u015bcie<\/td><td><kbd>601772866<\/kbd><br>ktsjantar@o2.pl<\/td><\/tr><tr><td>KTT AIDA<\/td><td>Szczecinek<\/td><td>Wyszy\u0144skiego 65, 78-400 Szczecinek<\/td><td><kbd>604299847<\/kbd><br>ktt.aida@wp.pl<\/td><\/tr><tr><td>MDANCE<\/td><td>Szczecin<\/td><td>Fryderyka Chopina, nr 43, lok. 49,71-\u00ad450 Szczecin<\/td><td><kbd>503132447<\/kbd><br>MARCEL.MICZALOWSKI@GMAIL.COM<\/td><\/tr><tr><td>PASJA<\/td><td>Koszalin<\/td><td>Pr\u00f3chnika 6b\/4, 75-338 Koszalin<\/td><td><kbd>501419871<\/kbd><br>studiotanca-pasja@home.pl<\/td><\/tr><tr><td>PRESTIGE<\/td><td>Goleni\u00f3w<\/td><td>Sportowa 3F\/5, 72-100 Goleni\u00f3w<\/td><td><kbd>509 291 591<\/kbd><br>s.j.-prestige@wp.pl<\/td><\/tr><tr><td>RYTM<\/td><td>\u015awinouj\u015bcie<\/td><td>W\u0142adys\u0142awa Sikorskiego 10\/10, 72-600 \u015awinouj\u015bcie<\/td><td>509131672<br>szkolatancarytm@onet.pl<\/td><\/tr><\/tbody><\/table><\/figure>\n\n\n\n<p><\/p>\n","protected":false},"excerpt":{"rendered":"<p>Nazwa klubu Miasto Adres Telefon\/email AKTT Szczecin ul. Gen. J\u00f3zefa Sowi\u0144skiego 72\/8, 70-236 Szczecin 501353282mgrycmacher@o2.pl AMBER Ko\u0142obrzeg \u0141opuskiego 38, 78-100 Ko\u0142obrzeg 501759568adamkrol.amber@o2.pl FLESZ Nowogard Plac Wolno\u015bci 7, 72-200 Nowogard 604085666mikolajkubiak@stflesz.pl FOCUS Dziwn\u00f3w Mickiewicza 27, 72-418 Dziwn\u00f3w 602582410tkonury@wp.pl FOCUS Kamie\u0144 Pomorski [&hellip;]<\/p>\n","protected":false},"author":1,"featured_media":0,"parent":0,"menu_order":0,"comment_status":"closed","ping_status":"closed","template":"","meta":{"footnotes":""},"class_list":["post-22","page","type-page","status-publish","hentry","clearfix"],"_links":{"self":[{"href":"https:\/\/zztsport.pl\/index.php\/wp-json\/wp\/v2\/pages\/22","targetHints":{"allow":["GET"]}}],"collection":[{"href":"https:\/\/zztsport.pl\/index.php\/wp-json\/wp\/v2\/pages"}],"about":[{"href":"https:\/\/zztsport.pl\/index.php\/wp-json\/wp\/v2\/types\/page"}],"author":[{"embeddable":true,"href":"https:\/\/zztsport.pl\/index.php\/wp-json\/wp\/v2\/users\/1"}],"replies":[{"embeddable":true,"href":"https:\/\/zztsport.pl\/index.php\/wp-json\/wp\/v2\/comments?post=22"}],"version-history":[{"count":12,"href":"https:\/\/zztsport.pl\/index.php\/wp-json\/wp\/v2\/pages\/22\/revisions"}],"predecessor-version":[{"id":210,"href":"https:\/\/zztsport.pl\/index.php\/wp-json\/wp\/v2\/pages\/22\/revisions\/210"}],"wp:attachment":[{"href":"https:\/\/zztsport.pl\/index.php\/wp-json\/wp\/v2\/media?parent=22"}],"curies":[{"name":"wp","href":"https:\/\/api.w.org\/{rel}","templated":true}]}}