{"id":17,"date":"2020-12-16T16:37:22","date_gmt":"2020-12-16T16:37:22","guid":{"rendered":"http:\/\/zztsport.pl\/?page_id=17"},"modified":"2020-12-18T09:07:55","modified_gmt":"2020-12-18T09:07:55","slug":"dokumenty","status":"publish","type":"page","link":"https:\/\/zztsport.pl\/index.php\/dokumenty\/","title":{"rendered":"Dokumenty"},"content":{"rendered":"<ul class=\"lcp_catlist\" id=\"lcp_instance_0\"><li><a href=\"https:\/\/zztsport.pl\/index.php\/2024\/02\/23\/regulamin-pracy-prezydium-zarzadu\/\">Regulamin Pracy Prezydium Zarz\u0105du<\/a><\/li><li><a href=\"https:\/\/zztsport.pl\/index.php\/2023\/09\/05\/regulamin-grand-prix-dzieci-i-mlodziezy-wojewodztwa-zachodniopomorskiego-w-sportowym-tancu-towarzyskim\/\">REGULAMIN GRAND PRIX DZIECI I M\u0141ODZIE\u017bY WOJEW\u00d3DZTWA ZACHODNIOPOMORSKIEGO W SPORTOWYM TA\u0143CU TOWARZYSKIM<\/a><\/li><li><a href=\"https:\/\/zztsport.pl\/index.php\/2022\/04\/20\/regulamin-obrad-walnego-zebrania-delegatow-zachodniopomorskiego-zwiazku-tanca-sportowego\/\">Regulamin obrad Walnego Zebrania Delegat\u00f3w Zachodniopomorskiego Zwi\u0105zku Ta\u0144ca Sportowego<\/a><\/li><li><a href=\"https:\/\/zztsport.pl\/index.php\/2022\/04\/20\/regulamin-pracy-komisji-rewizyjnej-zachodniopomorskiego-zwiazku-tanca-sportowego\/\">Regulamin Pracy Komisji Rewizyjnej Zachodniopomorskiego Zwi\u0105zku Ta\u0144ca Sportowego<\/a><\/li><li><a href=\"https:\/\/zztsport.pl\/index.php\/2022\/04\/20\/regulamin-pracy-zarzadu-zachodniopomorskiego-zwiazku-tanca-sportowego\/\">Regulamin Pracy Zarz\u0105du Zachodniopomorskiego Zwi\u0105zku Ta\u0144ca Sportowego<\/a><\/li><li><a href=\"https:\/\/zztsport.pl\/index.php\/2020\/12\/21\/deklaracja-czlonkowska-zztsport\/\">Deklaracja cz\u0142onkowska ZZTSport<\/a><\/li><li><a href=\"https:\/\/zztsport.pl\/index.php\/2020\/12\/18\/regulamin-grand-prix-dzieci-i-mlodziezy\/\">Regulamin GRAND PRIX Dzieci i M\u0142odzie\u017cy &#8211; archiwalny<\/a><\/li><li><a href=\"https:\/\/zztsport.pl\/index.php\/2020\/12\/17\/statut-zztsport\/\">Statut ZZTSport<\/a><\/li><\/ul>\n","protected":false},"excerpt":{"rendered":"","protected":false},"author":1,"featured_media":0,"parent":0,"menu_order":0,"comment_status":"closed","ping_status":"closed","template":"","meta":{"footnotes":""},"class_list":["post-17","page","type-page","status-publish","hentry","clearfix"],"_links":{"self":[{"href":"https:\/\/zztsport.pl\/index.php\/wp-json\/wp\/v2\/pages\/17","targetHints":{"allow":["GET"]}}],"collection":[{"href":"https:\/\/zztsport.pl\/index.php\/wp-json\/wp\/v2\/pages"}],"about":[{"href":"https:\/\/zztsport.pl\/index.php\/wp-json\/wp\/v2\/types\/page"}],"author":[{"embeddable":true,"href":"https:\/\/zztsport.pl\/index.php\/wp-json\/wp\/v2\/users\/1"}],"replies":[{"embeddable":true,"href":"https:\/\/zztsport.pl\/index.php\/wp-json\/wp\/v2\/comments?post=17"}],"version-history":[{"count":4,"href":"https:\/\/zztsport.pl\/index.php\/wp-json\/wp\/v2\/pages\/17\/revisions"}],"predecessor-version":[{"id":133,"href":"https:\/\/zztsport.pl\/index.php\/wp-json\/wp\/v2\/pages\/17\/revisions\/133"}],"wp:attachment":[{"href":"https:\/\/zztsport.pl\/index.php\/wp-json\/wp\/v2\/media?parent=17"}],"curies":[{"name":"wp","href":"https:\/\/api.w.org\/{rel}","templated":true}]}}